{"id":12204,"date":"2022-01-21T15:59:03","date_gmt":"2022-01-21T15:59:03","guid":{"rendered":"https:\/\/up.uscupstate.edu\/archive\/winter2023\/?page_id=12204"},"modified":"2023-02-23T20:33:46","modified_gmt":"2023-02-23T20:33:46","slug":"usc-upstate-athletics-highlights","status":"publish","type":"page","link":"https:\/\/up.uscupstate.edu\/archive\/winter2023\/usc-upstate-athletics-highlights\/","title":{"rendered":"Sports Standouts"},"content":{"rendered":"<div id=\"pl-12204\"  class=\"panel-layout\" ><div id=\"pg-12204-0\"  class=\"panel-grid panel-has-style\" ><div class=\"panel-row-style panel-row-style-for-12204-0\" ><div id=\"pgc-12204-0-0\"  class=\"panel-grid-cell\" ><div id=\"panel-12204-0-0-0\" class=\"so-panel widget widget_bcn_widget widget_breadcrumb_navxt panel-first-child panel-last-child\" data-index=\"0\" ><div class=\"breadcrumbs\" vocab=\"https:\/\/schema.org\/\" typeof=\"BreadcrumbList\"><!-- Breadcrumb NavXT 7.2.0 -->\n<span property=\"itemListElement\" typeof=\"ListItem\"><a property=\"item\" typeof=\"WebPage\" title=\"Go to Up Magazine.\" href=\"https:\/\/up.uscupstate.edu\/archive\/winter2023\" class=\"home\" aria-current=\"page\"><span property=\"name\">Up Magazine<\/span><\/a><meta property=\"position\" content=\"1\"><\/span><\/div><\/div><\/div><\/div><\/div><div id=\"pg-12204-1\"  class=\"panel-grid panel-has-style\" ><div class=\"panel-row-style panel-row-style-for-12204-1\" ><div id=\"pgc-12204-1-0\"  class=\"panel-grid-cell\" ><div id=\"panel-12204-1-0-0\" class=\"widget_text so-panel widget widget_custom_html panel-first-child panel-last-child\" data-index=\"1\" ><div class=\"textwidget custom-html-widget\"><\/div><\/div><\/div><\/div><\/div><div id=\"pg-12204-2\"  class=\"panel-grid panel-has-style\" ><div class=\"panel-row-style panel-row-style-for-12204-2\" ><div id=\"pgc-12204-2-0\"  class=\"panel-grid-cell\" ><div id=\"panel-12204-2-0-0\" class=\"so-panel widget widget_sow-editor panel-first-child\" data-index=\"2\" ><div\n\t\t\t\n\t\t\tclass=\"so-widget-sow-editor so-widget-sow-editor-base\"\n\t\t\t\n\t\t>\n<div class=\"siteorigin-widget-tinymce textwidget\">\n\t<h2>Cross Country<\/h2>\n<div class=\"mobile-image\">\n<figure id=\"attachment_12847\" aria-describedby=\"caption-attachment-12847\" style=\"width: 400px\" class=\"wp-caption alignleft\"><img decoding=\"async\" loading=\"lazy\" class=\"wp-image-12847\" src=\"https:\/\/up.uscupstate.edu\/archive\/winter2023\/wp-content\/uploads\/2023\/02\/Noah-White-300x200.jpg\" alt=\"\" width=\"400\" height=\"267\" srcset=\"https:\/\/up.uscupstate.edu\/archive\/winter2023\/wp-content\/uploads\/2023\/02\/Noah-White-300x200.jpg 300w, https:\/\/up.uscupstate.edu\/archive\/winter2023\/wp-content\/uploads\/2023\/02\/Noah-White-600x400.jpg 600w, https:\/\/up.uscupstate.edu\/archive\/winter2023\/wp-content\/uploads\/2023\/02\/Noah-White-272x182.jpg 272w, https:\/\/up.uscupstate.edu\/archive\/winter2023\/wp-content\/uploads\/2023\/02\/Noah-White.jpg 627w\" sizes=\"(max-width: 400px) 100vw, 400px\" \/><figcaption id=\"caption-attachment-12847\" class=\"wp-caption-text\">Noah White<\/figcaption><\/figure>\n<\/div>\n<div class=\"mobile-image\">\n<figure id=\"attachment_12849\" aria-describedby=\"caption-attachment-12849\" style=\"width: 400px\" class=\"wp-caption alignleft\"><img decoding=\"async\" loading=\"lazy\" class=\"wp-image-12849\" src=\"https:\/\/up.uscupstate.edu\/archive\/winter2023\/wp-content\/uploads\/2023\/02\/Heaven-Allen-300x200.jpg\" alt=\"\" width=\"400\" height=\"267\" srcset=\"https:\/\/up.uscupstate.edu\/archive\/winter2023\/wp-content\/uploads\/2023\/02\/Heaven-Allen-300x200.jpg 300w, https:\/\/up.uscupstate.edu\/archive\/winter2023\/wp-content\/uploads\/2023\/02\/Heaven-Allen-600x400.jpg 600w, https:\/\/up.uscupstate.edu\/archive\/winter2023\/wp-content\/uploads\/2023\/02\/Heaven-Allen-272x182.jpg 272w, https:\/\/up.uscupstate.edu\/archive\/winter2023\/wp-content\/uploads\/2023\/02\/Heaven-Allen.jpg 627w\" sizes=\"(max-width: 400px) 100vw, 400px\" \/><figcaption id=\"caption-attachment-12849\" class=\"wp-caption-text\">Heaven Allen<\/figcaption><\/figure>\n<\/div>\n<div class=\"mobile-content\">\n<p>The men\u2019s team finished 24<sup>th<\/sup> overall at the NCAA Division I Southeast Regionals, their fourth-highest finish in school history. All seven who competed made it onto the Men\u2019s All-Time 10k List for their performances at the NCAA Division I Southeast Regionals.<strong>Noah White<\/strong> made it onto the Men\u2019s All-Time 8k List with his 25:20.40 finish at the Live in Lou Classic. White also made it onto the Men\u2019s All-Time 10k List with his 32:05.00 finish at the NCAA Division I Southeast Regionals.<\/p>\n<p>Both <strong>Allie Leavitt<\/strong>\u00a0and <strong>Heaven Allen <\/strong>hit new personal bests during the NCAA Division I Southeast Regionals, and both finished in the top 150. Allen finished 14<sup>th<\/sup> at the Big South Conference Cross Country Championships, with a time of 18:20.30. Her run not only secured her a spot on the Big South All-Conference Second Team, but also a fifth-place spot on the Women\u2019s All-Time 5k List.<\/p>\n<\/div>\n<\/div>\n<\/div><\/div><div id=\"panel-12204-2-0-1\" class=\"so-panel widget widget_sow-editor\" data-index=\"3\" ><div\n\t\t\t\n\t\t\tclass=\"so-widget-sow-editor so-widget-sow-editor-base\"\n\t\t\t\n\t\t>\n<div class=\"siteorigin-widget-tinymce textwidget\">\n\t<h2>Men's Soccer<\/h2>\n<div class=\"mobile-image\">\n<figure id=\"attachment_12853\" aria-describedby=\"caption-attachment-12853\" style=\"width: 400px\" class=\"wp-caption alignright\"><img decoding=\"async\" loading=\"lazy\" class=\"wp-image-12853\" src=\"https:\/\/up.uscupstate.edu\/archive\/winter2023\/wp-content\/uploads\/2023\/02\/Marcus-Waern-300x211.jpg\" alt=\"\" width=\"400\" height=\"281\" srcset=\"https:\/\/up.uscupstate.edu\/archive\/winter2023\/wp-content\/uploads\/2023\/02\/Marcus-Waern-300x211.jpg 300w, https:\/\/up.uscupstate.edu\/archive\/winter2023\/wp-content\/uploads\/2023\/02\/Marcus-Waern.jpg 407w\" sizes=\"(max-width: 400px) 100vw, 400px\" \/><figcaption id=\"caption-attachment-12853\" class=\"wp-caption-text\">Marcus Waern<\/figcaption><\/figure>\n<\/div>\n<div class=\"mobile-image\">\n<figure id=\"attachment_12852\" aria-describedby=\"caption-attachment-12852\" style=\"width: 400px\" class=\"wp-caption alignright\"><img decoding=\"async\" loading=\"lazy\" class=\"wp-image-12852\" src=\"https:\/\/up.uscupstate.edu\/archive\/winter2023\/wp-content\/uploads\/2023\/02\/Xavi-Wences-300x212.jpg\" alt=\"\" width=\"400\" height=\"282\" srcset=\"https:\/\/up.uscupstate.edu\/archive\/winter2023\/wp-content\/uploads\/2023\/02\/Xavi-Wences-300x212.jpg 300w, https:\/\/up.uscupstate.edu\/archive\/winter2023\/wp-content\/uploads\/2023\/02\/Xavi-Wences.jpg 421w\" sizes=\"(max-width: 400px) 100vw, 400px\" \/><figcaption id=\"caption-attachment-12852\" class=\"wp-caption-text\">Xavi Wences<\/figcaption><\/figure>\n<\/div>\n<div class=\"mobile-content\">\n<p><strong>Men\u2019s soccer<\/strong> achieved a Division I era record of 11 post-season honors, with six players named to the All-Conference Second Team (Luca Bulfon, Felipe Marty, Julian Fernandez, Kasper J\u00f8rgensen, Pablo Diaz, and Jeremy Montero), one named an honorable mention (Andrin Zumb\u00fchl), one named to the All-Freshman Team (Kasper J\u00f8rgensen), one named to the All-Academic Team (Luca Bulfon), and two named to the Big South All-Tournament Team (Luca Bulfon and Pablo Diaz).Three Spartans collected Player of The Week honors during the season. <strong>Xavi Wences<\/strong> and Andrin Zumb\u00fchl were named Offensive Players of the Week while <strong>Marcus W\u00e6rn<\/strong> was named Freshman of the Week.Senior goalkeeper Luca Bulfon led the Big South in saves on the year, denying 81 shots on the season. That total is the most by a Spartan keeper since 2018.<\/p>\n<p>The Spartans set a Division I era record by ending the regular season on a six-match unbeaten streak, highlighted by a 2-1 road win at Gardner-Webb and a playoff-clinching draw at home against High Point.<\/p>\n<p>Upstate made it to the postseason for the second time since joining the Big South. The post-season berth was the Spartan's fifth since moving to Division I.<\/p>\n<\/div>\n<\/div>\n<\/div><\/div><div id=\"panel-12204-2-0-2\" class=\"so-panel widget widget_sow-editor\" data-index=\"4\" ><div\n\t\t\t\n\t\t\tclass=\"so-widget-sow-editor so-widget-sow-editor-base\"\n\t\t\t\n\t\t>\n<div class=\"siteorigin-widget-tinymce textwidget\">\n\t<h2>Volleyball<\/h2>\n<div class=\"mobile-image\">\n<figure id=\"attachment_12854\" aria-describedby=\"caption-attachment-12854\" style=\"width: 400px\" class=\"wp-caption alignleft\"><img decoding=\"async\" loading=\"lazy\" class=\"wp-image-12854\" src=\"https:\/\/up.uscupstate.edu\/archive\/winter2023\/wp-content\/uploads\/2023\/02\/Ady-OGrady--300x169.jpg\" alt=\"\" width=\"400\" height=\"225\" srcset=\"https:\/\/up.uscupstate.edu\/archive\/winter2023\/wp-content\/uploads\/2023\/02\/Ady-OGrady--300x169.jpg 300w, https:\/\/up.uscupstate.edu\/archive\/winter2023\/wp-content\/uploads\/2023\/02\/Ady-OGrady--600x338.jpg 600w, https:\/\/up.uscupstate.edu\/archive\/winter2023\/wp-content\/uploads\/2023\/02\/Ady-OGrady-.jpg 682w\" sizes=\"(max-width: 400px) 100vw, 400px\" \/><figcaption id=\"caption-attachment-12854\" class=\"wp-caption-text\">Ady O'Grady<\/figcaption><\/figure>\n<\/div>\n<div class=\"mobile-image\">\n<figure id=\"attachment_12855\" aria-describedby=\"caption-attachment-12855\" style=\"width: 400px\" class=\"wp-caption alignleft\"><img decoding=\"async\" loading=\"lazy\" class=\"wp-image-12855\" src=\"https:\/\/up.uscupstate.edu\/archive\/winter2023\/wp-content\/uploads\/2023\/02\/Julia-Gladhill--300x169.jpg\" alt=\"\" width=\"400\" height=\"225\" srcset=\"https:\/\/up.uscupstate.edu\/archive\/winter2023\/wp-content\/uploads\/2023\/02\/Julia-Gladhill--300x169.jpg 300w, https:\/\/up.uscupstate.edu\/archive\/winter2023\/wp-content\/uploads\/2023\/02\/Julia-Gladhill--600x338.jpg 600w, https:\/\/up.uscupstate.edu\/archive\/winter2023\/wp-content\/uploads\/2023\/02\/Julia-Gladhill-.jpg 682w\" sizes=\"(max-width: 400px) 100vw, 400px\" \/><figcaption id=\"caption-attachment-12855\" class=\"wp-caption-text\">Julia Gladhill<\/figcaption><\/figure>\n<\/div>\n<div class=\"mobile-content\"><strong>Ady O\u2019Grady<\/strong> was named to Big South All-Freshman Team. She was also named Big South Freshman of the Week on Oct. 10 and finished the season ranked third in the Big South in blocking (1.03 blocks per set).<strong>Julia Gladhill<\/strong> was named to the Big South All-Academic Team. Gladhill secured the program\u2019s first 30-plus dig match since 2016, with 31 digs versus Presbyterian on Oct. 22.\n<\/div>\n<\/div>\n<\/div><\/div><div id=\"panel-12204-2-0-3\" class=\"so-panel widget widget_sow-editor\" data-index=\"5\" ><div\n\t\t\t\n\t\t\tclass=\"so-widget-sow-editor so-widget-sow-editor-base\"\n\t\t\t\n\t\t>\n<div class=\"siteorigin-widget-tinymce textwidget\">\n\t<h2>Men's Golf<\/h2>\n<div class=\"mobile-image\">\n<figure id=\"attachment_12858\" aria-describedby=\"caption-attachment-12858\" style=\"width: 300px\" class=\"wp-caption alignright\"><img decoding=\"async\" loading=\"lazy\" class=\"wp-image-12858 size-medium\" src=\"https:\/\/up.uscupstate.edu\/archive\/winter2023\/wp-content\/uploads\/2023\/02\/Elias-Becker--300x169.jpg\" alt=\"\" width=\"300\" height=\"169\" srcset=\"https:\/\/up.uscupstate.edu\/archive\/winter2023\/wp-content\/uploads\/2023\/02\/Elias-Becker--300x169.jpg 300w, https:\/\/up.uscupstate.edu\/archive\/winter2023\/wp-content\/uploads\/2023\/02\/Elias-Becker--600x338.jpg 600w, https:\/\/up.uscupstate.edu\/archive\/winter2023\/wp-content\/uploads\/2023\/02\/Elias-Becker-.jpg 682w\" sizes=\"(max-width: 300px) 100vw, 300px\" \/><figcaption id=\"caption-attachment-12858\" class=\"wp-caption-text\">Elias Becker<\/figcaption><\/figure>\n<\/div>\n<div class=\"mobile-content\">\n<p>The team opened the season with all six members of the lineup carding career-low 54-hole totals at the Allstate\/Streamsong Invitational. It was also the team\u2019s lowest 54-hole total (865) since 2019.<strong>Elias Becker<\/strong> (9) was named Big South Freshman of the Week on Sep. 29.USC Upstate co-hosted The Carolina Cup at Carolina Country Club. It was the most successful in the event\u2019s history.<\/p>\n<\/div>\n<\/div>\n<\/div><\/div><div id=\"panel-12204-2-0-4\" class=\"so-panel widget widget_sow-editor\" data-index=\"6\" ><div\n\t\t\t\n\t\t\tclass=\"so-widget-sow-editor so-widget-sow-editor-base\"\n\t\t\t\n\t\t>\n<div class=\"siteorigin-widget-tinymce textwidget\">\n\t<h2><strong>Women's Golf<\/strong><\/h2>\n<div class=\"mobile-image\">\n<figure id=\"attachment_12859\" aria-describedby=\"caption-attachment-12859\" style=\"width: 300px\" class=\"wp-caption alignleft\"><img decoding=\"async\" loading=\"lazy\" class=\"wp-image-12859 size-medium\" src=\"https:\/\/up.uscupstate.edu\/archive\/winter2023\/wp-content\/uploads\/2023\/02\/Preaw-Nontarux--300x169.jpg\" alt=\"\" width=\"300\" height=\"169\" srcset=\"https:\/\/up.uscupstate.edu\/archive\/winter2023\/wp-content\/uploads\/2023\/02\/Preaw-Nontarux--300x169.jpg 300w, https:\/\/up.uscupstate.edu\/archive\/winter2023\/wp-content\/uploads\/2023\/02\/Preaw-Nontarux--600x338.jpg 600w, https:\/\/up.uscupstate.edu\/archive\/winter2023\/wp-content\/uploads\/2023\/02\/Preaw-Nontarux-.jpg 682w\" sizes=\"(max-width: 300px) 100vw, 300px\" \/><figcaption id=\"caption-attachment-12859\" class=\"wp-caption-text\">Preaw Nontarux<\/figcaption><\/figure>\n<\/div>\n<div class=\"mobile-image\">\n<figure id=\"attachment_12860\" aria-describedby=\"caption-attachment-12860\" style=\"width: 300px\" class=\"wp-caption alignleft\"><img decoding=\"async\" loading=\"lazy\" class=\"wp-image-12860 size-medium\" src=\"https:\/\/up.uscupstate.edu\/archive\/winter2023\/wp-content\/uploads\/2023\/02\/Suwarin-Yord-in--300x169.jpg\" alt=\"\" width=\"300\" height=\"169\" srcset=\"https:\/\/up.uscupstate.edu\/archive\/winter2023\/wp-content\/uploads\/2023\/02\/Suwarin-Yord-in--300x169.jpg 300w, https:\/\/up.uscupstate.edu\/archive\/winter2023\/wp-content\/uploads\/2023\/02\/Suwarin-Yord-in--600x338.jpg 600w, https:\/\/up.uscupstate.edu\/archive\/winter2023\/wp-content\/uploads\/2023\/02\/Suwarin-Yord-in-.jpg 682w\" sizes=\"(max-width: 300px) 100vw, 300px\" \/><figcaption id=\"caption-attachment-12860\" class=\"wp-caption-text\">Suwarin Yord-in<\/figcaption><\/figure>\n<\/div>\n<div class=\"mobile-content\">\n<p>The team closed the fall schedule with back-to-back wins at the Terrier Intercollegiate and the French Broad Collegiate Invite. The back-to-back wins were the first for the program since the 2020-21 season.<strong>Preaw Nontarux<\/strong> (10) was named Big South Golfer of the Week on Oct. 28. She led Upstate to victory at the Terrier Intercollegiate and claimed medalist honors (her first career victory). Nontarux also led the Spartans in a six-hole stretch to jump to the top of the leaderboard.<strong>Suwarin Yord-in<\/strong> (11) was named Big South Golfer of the Week on Nov. 10.<\/p>\n<\/div>\n<\/div>\n<\/div><\/div><div id=\"panel-12204-2-0-5\" class=\"so-panel widget widget_sow-editor panel-last-child\" data-index=\"7\" ><div\n\t\t\t\n\t\t\tclass=\"so-widget-sow-editor so-widget-sow-editor-base\"\n\t\t\t\n\t\t>\n<div class=\"siteorigin-widget-tinymce textwidget\">\n\t<style>@media screen and (max-width: 720px) {h2 {text-align:center;}}<\/style>\n<\/div>\n<\/div><\/div><\/div><\/div><\/div><\/div>","protected":false},"excerpt":{"rendered":"<p>Up Magazine Cross Country Noah White Heaven Allen The men\u2019s team finished 24th overall at the NCAA Division I Southeast Regionals, their fourth-highest finish in school history. All seven who competed made it onto the Men\u2019s All-Time 10k List for their performances at the NCAA Division I Southeast Regionals.Noah White made it onto the Men\u2019s [&hellip;]<\/p>\n","protected":false},"author":4,"featured_media":0,"parent":0,"menu_order":0,"comment_status":"closed","ping_status":"closed","template":"","meta":[],"_links":{"self":[{"href":"https:\/\/up.uscupstate.edu\/archive\/winter2023\/wp-json\/wp\/v2\/pages\/12204"}],"collection":[{"href":"https:\/\/up.uscupstate.edu\/archive\/winter2023\/wp-json\/wp\/v2\/pages"}],"about":[{"href":"https:\/\/up.uscupstate.edu\/archive\/winter2023\/wp-json\/wp\/v2\/types\/page"}],"author":[{"embeddable":true,"href":"https:\/\/up.uscupstate.edu\/archive\/winter2023\/wp-json\/wp\/v2\/users\/4"}],"replies":[{"embeddable":true,"href":"https:\/\/up.uscupstate.edu\/archive\/winter2023\/wp-json\/wp\/v2\/comments?post=12204"}],"version-history":[{"count":67,"href":"https:\/\/up.uscupstate.edu\/archive\/winter2023\/wp-json\/wp\/v2\/pages\/12204\/revisions"}],"predecessor-version":[{"id":13407,"href":"https:\/\/up.uscupstate.edu\/archive\/winter2023\/wp-json\/wp\/v2\/pages\/12204\/revisions\/13407"}],"wp:attachment":[{"href":"https:\/\/up.uscupstate.edu\/archive\/winter2023\/wp-json\/wp\/v2\/media?parent=12204"}],"curies":[{"name":"wp","href":"https:\/\/api.w.org\/{rel}","templated":true}]}}